{"id":1662,"date":"2020-01-25T15:21:03","date_gmt":"2020-01-25T15:21:03","guid":{"rendered":"http:\/\/wolfgangepplenaturschutzundethik.de\/?page_id=1662"},"modified":"2025-11-14T08:36:36","modified_gmt":"2025-11-14T08:36:36","slug":"impressum","status":"publish","type":"page","link":"https:\/\/wolfgangepplenaturschutzundethik.de\/?page_id=1662","title":{"rendered":"Impressum"},"content":{"rendered":"\n<div class=\"impressum__imprint-container\"><dl><dt>Name<\/dt><dd>Dr.rer.nat.Wolfgang Epple<\/dd><\/dl><dl><dt>Address<\/dt><dd>Au\u00dferr\u00f6tzing 40<br \/>\r\n94532 Au\u00dfernzell<\/dd><\/dl><dl><dt>Email Address<\/dt><dd><a href=\"mailto:wolfgang.epple@web.de\">wolfgang.epple@web.de<\/a><\/dd><\/dl><dl><dt>Telephone<\/dt><dd>0173-4026084<\/dd><\/dl><\/div>\n\n\n\n<p class=\"has-small-font-size\">Mit dieser Website sind keine wirtschaftlichen oder einseitig politische Interessen verbunden.<\/p>\n\n\n\n<p class=\"has-small-font-size\">Downloads und Kopien aus dieser Homepage sind nur f\u00fcr den privaten, nicht kommerziellen Gebrauch und nur nach Anfrage gestattet. F\u00fcr alle Inhalte besteht mein Urheberrecht. Vervielf\u00e4ltigung oder ungerechtfertigter Gebrauch und die unzul\u00e4ssige Verwendung auch nur Teile meiner Inhalte werden rechtlich verfolgt. Die Inhalte der gesamten Homepage sind urheberrechtlich gesch\u00fctzt.<\/p>\n\n\n\n<p class=\"has-small-font-size\"><strong>Keine Abmahnung ohne vorherige Kontaktaufnahme<\/strong><\/p>\n\n\n\n<p class=\"has-small-font-size\">Im Falle von wettbewerbsrechtlichen, domainrechtlichen, urheberrechtlichen oder \u00e4hnlichen Problemen bitte ich, mich zur Vermeidung unn\u00f6tiger Rechtsstreite und Kosten bereits im Vorfeld zu kontaktieren. Ich garantiere, dass zu Recht beanstandete Passagen unverz\u00fcglich entfernt werden, ohne dass die Einschaltung eines Rechtsbeistandes erforderlich ist. Vorsorglich: Die Kostennote einer anwaltlichen Abmahnung ohne vorhergehende Kontaktaufnahme mit mir wird im Sinne der Schadensminderungspflicht als unbegr\u00fcndet zur\u00fcckgewiesen und gegebenenfalls Gegenklage wegen Verletzung vorgenannter Bestimmungen erhoben.<\/p>\n\n\n\n<p class=\"has-small-font-size\"><strong>Haftungsausschluss<\/strong><\/p>\n\n\n\n<p class=\"has-small-font-size\"><em>1. Inhalt <\/em><\/p>\n\n\n\n<p class=\"has-small-font-size\">Der Autor  \u00fcbernimmt keinerlei Gew\u00e4hr f\u00fcr die Aktualit\u00e4t, Korrektheit und Vollst\u00e4ndigkeit der bereitgestellten Informationen. Haftungsanspr\u00fcche, welche sich auf Sch\u00e4den materieller oder ideeller Art beziehen, die durch die Nutzung oder Nichtnutzung der dargebotenen Informationen bzw. durch die Nutzung fehlerhafter und unvollst\u00e4ndiger Informationen verursacht werden sind grunds\u00e4tzlich ausgeschlossen, sofern kein nachweislich vors\u00e4tzliches oder grob fahrl\u00e4ssiges Verschulden vorliegt. Alle Angebote sind freibleibend und unverbindlich. Es bleibt ausdr\u00fccklich vorbehalten, Teile der Seiten oder das gesamte Angebot ohne gesonderte Ank\u00fcndigung zu ver\u00e4ndern, zu erg\u00e4nzen, zu l\u00f6schen oder die Ver\u00f6ffentlichung zeitweise oder endg\u00fcltig einzustellen.<br><em><br>2. Verweise und Links<\/em><\/p>\n\n\n\n<p class=\"has-small-font-size\">Bei direkten oder indirekten Verweisen auf fremde Internetseiten (\u201cLinks\u201d), die au\u00dferhalb des Verantwortungsbereiches des Autors liegen, w\u00fcrde eine Haftungsverpflichtung ausschlie\u00dflich in dem Fall in Kraft treten, in dem der Autor von rechtswidrigen Inhalten Kenntnis hat und es ihm technisch m\u00f6glich und zumutbar w\u00e4re, die Nutzung im Falle rechtswidriger Inhalte zu verhindern. Der Autor erkl\u00e4rt daher ausdr\u00fccklich, dass zum Zeitpunkt der Linksetzung die entsprechenden verlinkten Seiten nach seiner Kenntnis frei von illegalen Inhalten waren. Der Autor hat keinerlei Einfluss auf die aktuelle und zuk\u00fcnftige Gestaltung und auf die Inhalte der gelinkten \/ verkn\u00fcpften Seiten. Mit Urteil vom 12. Mai 1998 hat das Landgericht Hamburg entschieden, dass man durch die Ausbringung eines Links&nbsp; die Inhalte der gelinkten Seite ggf. mit zu verantworten hat. Dies kann &#8211; so das Landesgericht &#8211; nur dadurch verhindert werden, dass man sich ausdr\u00fccklich von diesen Inhalten distanziert.  Deshalb distanziert  sich der Autor hiermit ausdr\u00fccklich von allen Inhalten aller gelinkten \/ verkn\u00fcpften Seiten, die nach der Linksetzung ver\u00e4ndert wurden.Diese Erkl\u00e4rung gilt f\u00fcr alle auf dieser Homepage ausgebrachten Links und f\u00fcr alle Inhalte der Seiten, zu denen die Banner f\u00fchren. F\u00fcr illegale, fehlerhafte oder unvollst\u00e4ndige Inhalte und insbesondere f\u00fcr Sch\u00e4den, die aus der Nutzung oder Nichtnutzung solcherart dargebotener Informationen entstehen, haftet allein der Anbieter der Seite, auf welche verwiesen wurde, nicht derjenige, der \u00fcber Links auf die jeweilige Ver\u00f6ffentlichung lediglich verweist. <br><em><br>3. Urheber- und Kennzeichenrecht<\/em><\/p>\n\n\n\n<p class=\"has-small-font-size\">Der Autor ist bestrebt, in allen Publikationen die Urheberrechte der verwendeten Grafiken, Tondokumente, Videosequenzen und Texte zu beachten, von ihnen oder von ihm selbst erstellte Grafiken, Tondokumente, Videosequenzen und Texte jeweils nur mit Quellenhinweis zu nutzen oder wenn m\u00f6glich auf lizenzfreie Dokumente zur\u00fcckzugreifen bzw. zu zitieren. Alle innerhalb dieses Internetangebotes genannten und ggf. durch Dritte gesch\u00fctzten Firmen-, Marken- und Warenzeichen unterliegen uneingeschr\u00e4nkt den Bestimmungen des jeweils g\u00fcltigen Kennzeichenrechts und den Besitzrechten der jeweiligen eingetragenen Eigent\u00fcmer. Allein aufgrund der blo\u00dfen Nennung ist nicht der Schlu\u00df zu ziehen, dass Markenzeichen nicht durch Rechte Dritter gesch\u00fctzt sind! Die Text- und Bildrechte der einzelnen genannten Autoren bleiben ausdr\u00fccklich bei den jeweiligen Autoren. Zitate und die Benutzung von Abbildungen\/Screenshots aus anderen bereits ver\u00f6ffentlichten Werken\/Fundstellen erfolgen unter Einhaltung des Zitatrechts nach dem \u00a7 51 Urheberrechtsgesetz (UrhG). Vgl. hierzu:\u00a0<a href=\"https:\/\/www.orca.nrw\/wp-content\/uploads\/2024\/08\/RiDHnrw_26-11-20_Das-Zitatrecht-nach-P-51-UrhG_cc.pdf\" target=\"_blank\" rel=\"noreferrer noopener\">https:\/\/www.orca.nrw\/wp-content\/uploads\/2024\/08\/RiDHnrw_26-11-20_Das-Zitatrecht-nach-P-51-UrhG_cc.pdf<\/a>). <\/p>\n\n\n\n<p class=\"has-small-font-size\"><em><br>4. Rechtswirksamkeit dieses Haftungsausschlusses<\/em><\/p>\n\n\n\n<p class=\"has-small-font-size\">Dieser Haftungsausschluss ist als Teil des Internetangebotes zu betrachten, von dem aus auf diese Seite verwiesen wurde. Sofern Teile oder einzelne Formulierungen des Textes der geltenden Rechtslage nicht, nicht mehr oder nicht vollst\u00e4ndig entsprechen sollten, bleiben die \u00fcbrigen Teile des Dokumentes in ihrem Inhalt und ihrer G\u00fcltigkeit davon unber\u00fchrt.<\/p>\n","protected":false},"excerpt":{"rendered":"<p>Mit dieser Website sind keine wirtschaftlichen oder einseitig politische Interessen verbunden. Downloads und Kopien aus dieser Homepage sind nur f\u00fcr den privaten, nicht kommerziellen Gebrauch &hellip; <\/p>\n","protected":false},"author":1,"featured_media":0,"parent":0,"menu_order":0,"comment_status":"closed","ping_status":"closed","template":"","meta":{"om_disable_all_campaigns":false,"_monsterinsights_skip_tracking":false,"_monsterinsights_sitenote_active":false,"_monsterinsights_sitenote_note":"","_monsterinsights_sitenote_category":0,"footnotes":""},"class_list":["post-1662","page","type-page","status-publish","hentry"],"aioseo_notices":[],"_links":{"self":[{"href":"https:\/\/wolfgangepplenaturschutzundethik.de\/index.php?rest_route=\/wp\/v2\/pages\/1662"}],"collection":[{"href":"https:\/\/wolfgangepplenaturschutzundethik.de\/index.php?rest_route=\/wp\/v2\/pages"}],"about":[{"href":"https:\/\/wolfgangepplenaturschutzundethik.de\/index.php?rest_route=\/wp\/v2\/types\/page"}],"author":[{"embeddable":true,"href":"https:\/\/wolfgangepplenaturschutzundethik.de\/index.php?rest_route=\/wp\/v2\/users\/1"}],"replies":[{"embeddable":true,"href":"https:\/\/wolfgangepplenaturschutzundethik.de\/index.php?rest_route=%2Fwp%2Fv2%2Fcomments&post=1662"}],"version-history":[{"count":16,"href":"https:\/\/wolfgangepplenaturschutzundethik.de\/index.php?rest_route=\/wp\/v2\/pages\/1662\/revisions"}],"predecessor-version":[{"id":6949,"href":"https:\/\/wolfgangepplenaturschutzundethik.de\/index.php?rest_route=\/wp\/v2\/pages\/1662\/revisions\/6949"}],"wp:attachment":[{"href":"https:\/\/wolfgangepplenaturschutzundethik.de\/index.php?rest_route=%2Fwp%2Fv2%2Fmedia&parent=1662"}],"curies":[{"name":"wp","href":"https:\/\/api.w.org\/{rel}","templated":true}]}}