{"id":2772,"date":"2020-05-30T10:42:59","date_gmt":"2020-05-30T10:42:59","guid":{"rendered":"https:\/\/wolfgangepplenaturschutzundethik.de\/?page_id=2772"},"modified":"2022-11-25T09:14:03","modified_gmt":"2022-11-25T09:14:03","slug":"naturschutz-und-wasserkraft","status":"publish","type":"page","link":"https:\/\/wolfgangepplenaturschutzundethik.de\/?page_id=2772","title":{"rendered":"Naturschutz und Wasserkraft"},"content":{"rendered":"\n<p>Was bedeutet eigentlich &#8222;Nachhaltigkeit&#8220; im Zeichen von Energiehunger und Hype um &#8222;Erneuerbare Energien&#8220;?<\/p>\n\n\n\n<p>publiziert 2020<\/p>\n\n\n\n<figure class=\"wp-block-image size-large\"><img loading=\"lazy\" decoding=\"async\" width=\"1024\" height=\"765\" src=\"https:\/\/wolfgangepplenaturschutzundethik.de\/wp-content\/uploads\/2020\/05\/Bild-30.05.20-um-17.05-1024x765.jpg\" alt=\"\" class=\"wp-image-2818\" srcset=\"https:\/\/wolfgangepplenaturschutzundethik.de\/wp-content\/uploads\/2020\/05\/Bild-30.05.20-um-17.05-1024x765.jpg 1024w, https:\/\/wolfgangepplenaturschutzundethik.de\/wp-content\/uploads\/2020\/05\/Bild-30.05.20-um-17.05-300x224.jpg 300w, https:\/\/wolfgangepplenaturschutzundethik.de\/wp-content\/uploads\/2020\/05\/Bild-30.05.20-um-17.05-768x574.jpg 768w, https:\/\/wolfgangepplenaturschutzundethik.de\/wp-content\/uploads\/2020\/05\/Bild-30.05.20-um-17.05-1536x1147.jpg 1536w, https:\/\/wolfgangepplenaturschutzundethik.de\/wp-content\/uploads\/2020\/05\/Bild-30.05.20-um-17.05-2048x1530.jpg 2048w\" sizes=\"(max-width: 1024px) 100vw, 1024px\" \/><figcaption> <a href=\"https:\/\/riverwatch.eu\/de\/general\/news\/videos-langarica-bedroht-durch-wasserkraft\">Zerst\u00f6rung einzigartiger Fluss-Natur durch ein Wasserkraftwerk; an der Langarica, einem Zufluss der Vjosa*,<\/a> Albanien. Foto: Cornelia Wieser, Riverwatch<\/figcaption><\/figure>\n\n\n\n<figure class=\"wp-block-image\"><img decoding=\"async\" src=\"https:\/\/balkanrivers.net\/sites\/default\/files\/1%20European%20HPP%20Map%201%20%28c%29%20Fluvius.jpg\" alt=\"Europas Fl\u00fcsse sind verdammt! Die Karte zeigt bestehende und geplante Wasserkraftwerke auf dem Kontinent. Einer der geografischen Schwerpunkte: der Balkan \u00a9 FLUVIUS, im Auftrag von WWF, Riverwatch, EuroNatur, GEOTA\"\/><figcaption>Quelle der Karte   <a href=\"https:\/\/balkanrivers.net\/de\/aktuell\/europas-fl\u00fcsse-sind-verdammt-\u00fcber-8700-neue-wasserkraftwerke-geplant\">https:\/\/balkanrivers.net\/de\/aktuell\/europas-fl\u00fcsse-sind-verdammt-\u00fcber-8700-neue-wasserkraftwerke-geplant<\/a><\/figcaption><\/figure>\n\n\n\n<p><em>\u201e<\/em><a href=\"https:\/\/balkanrivers.net\/de\/aktuell\/europas-fl\u00fcsse-sind-verdammt-\u00fcber-8700-neue-wasserkraftwerke-geplant\"><em>Wir stehen vor dem Ende frei flie\u00dfender Fl\u00fcsse in Europa und vor einem Kollaps der Artenvielfalt, wenn wir diesen Wasserkraftwahn nicht aufhalten. Die EU-Kommission unter der Leitung von Ursula von der Leyen sowie die Regierungen der L\u00e4nder m\u00fcssen diesen Ausbau stoppen. Sie m\u00fcssen vor allem die Subventionen f\u00fcr Wasserkraft beenden und den Schutz der Fl\u00fcsse verbessern. Es ist v\u00f6llig inakzeptabel, dass wir mit unserer Stromrechnung Wasserkraftinvestoren finanzieren und damit die Zerst\u00f6rung von Europas Lebensadern bezahlen\u201c,<\/em>&nbsp;<strong>sagt Ulrich Eichelmann von Riverwatch.<\/strong><\/a>*<\/p>\n\n\n\n<p>Ich m\u00f6chte erg\u00e4nzen, <strong>wir stehen am Ende frei flie\u00dfender Fl\u00fcsse weltweit,<\/strong> wenn Energiehunger der Menschheit und einseitig naiver Blick auf sogenannte &#8222;Nachhaltigkeit&#8220; von Wasserkraft nicht korrigiert werden. Die Initiative <a href=\"https:\/\/riverwatch.eu\/de\"><strong>*Riverwatch<\/strong><\/a> hat das gro\u00dfe Verdienst, auf  einen atemberaubenden Niedergang und brachiale Zerst\u00f6rung der Natur im Zusammenhang mit dem Aufstau von Fl\u00fcssen und B\u00e4chen f\u00fcr die Energiegewinnung aufmerksam zu machen.<\/p>\n\n\n\n<p><strong><em>Riverwatch<\/em> w\u00f6rtlich<\/strong>:<\/p>\n\n\n\n<p><em>&#8222;Seit 2012 bem\u00fchen wir uns Europas letzten freiflie\u00dfenden Flussjuwelen \u2013 die Balkanfl\u00fcsse \u2013 vor einer regelrechten Staudammflut zu sch\u00fctzen. Ca. 2700 Staud\u00e4mme sind zwischen Slowenien und Griechenland geplant und bedrohen so gut wie jeden Fluss und Bach.&nbsp;In Kooperation mit der deutschen Umweltstiftung&nbsp;EuroNatur&nbsp;und lokalen Partnern in den Balkanl\u00e4ndern leiten wir die&nbsp;<strong>\u201eRettet das blaue Herz Europas\u201c Kampagne<\/strong>&nbsp;um diese Zerst\u00f6rungswelle zu verhindern.&#8220;<\/em><\/p>\n\n\n\n<p>Deshalb: <a href=\"https:\/\/riverwatch.eu\/de\/spenden\">Hier geht&#8217;s zur Unterst\u00fctzung f\u00fcr Riverwatch<\/a><\/p>\n\n\n\n<h4 class=\"wp-block-heading\"><strong>Bedrohung der Balkanfl\u00fcsse &#8211; Mahnung und Menetekel f\u00fcr ganz Europa<\/strong><\/h4>\n\n\n\n<p>Die *<a href=\"https:\/\/de.wikipedia.org\/wiki\/Vjosa\">Vjosa<\/a> (griechisch Aoos), die im Pindos-Gebirge in Griechenland entspringt, und in Albanien in die Adria m\u00fcndet, ist einer der letzten gro\u00dfen freiflie\u00dfenden Balkanfl\u00fcsse. Sie ist zum Symbol f\u00fcr den Kampf  um die freien Flie\u00dfgew\u00e4sser (nicht nur) des Balkans und Europas geworden : <\/p>\n\n\n\n<figure class=\"wp-block-image size-large\"><img loading=\"lazy\" decoding=\"async\" width=\"1024\" height=\"683\" src=\"https:\/\/wolfgangepplenaturschutzundethik.de\/wp-content\/uploads\/2020\/05\/NsTYO648-1024x683.jpeg\" alt=\"\" class=\"wp-image-2815\" srcset=\"https:\/\/wolfgangepplenaturschutzundethik.de\/wp-content\/uploads\/2020\/05\/NsTYO648-1024x683.jpeg 1024w, https:\/\/wolfgangepplenaturschutzundethik.de\/wp-content\/uploads\/2020\/05\/NsTYO648-300x200.jpeg 300w, https:\/\/wolfgangepplenaturschutzundethik.de\/wp-content\/uploads\/2020\/05\/NsTYO648-768x512.jpeg 768w, https:\/\/wolfgangepplenaturschutzundethik.de\/wp-content\/uploads\/2020\/05\/NsTYO648-1536x1024.jpeg 1536w, https:\/\/wolfgangepplenaturschutzundethik.de\/wp-content\/uploads\/2020\/05\/NsTYO648-2048x1365.jpeg 2048w\" sizes=\"(max-width: 1024px) 100vw, 1024px\" \/><figcaption>Die <strong><a href=\"https:\/\/de.wikipedia.org\/wiki\/Vjosa\">Vjosa<\/a><\/strong> in Albanien. Foto: Gernot Kunz<\/figcaption><\/figure>\n\n\n\n<p>Was in den &#8222;Schluchten des Balkan&#8220; <em>noch<\/em> keine Seltenheit ist, geh\u00f6rt in den Alpen schon zur Rarit\u00e4t: <\/p>\n\n\n\n<figure class=\"wp-block-image\"><img decoding=\"async\" src=\"https:\/\/cdn.pixabay.com\/photo\/2016\/08\/08\/15\/18\/river-1578543_960_720.jpg\" alt=\"Fluss Tagliamento, Cimano, Wasser, Stein, Landschaft\"\/><figcaption>Aus den S\u00fcdalpen heraus flie\u00dft der <a href=\"https:\/\/de.wikipedia.org\/wiki\/Tagliamento\"><strong>Tagliamento<\/strong>, einer der letzten ungez\u00e4hmten Fl\u00fcsse der Alpen. Auch wenn dieses einzigartig noch erhaltene Flu\u00df\u00f6kosystem nicht durch Wasserkraft beeintr\u00e4chtigt ist, wird es doch  durch Bauma\u00dfnahmen, die der Hochwasser-R\u00fcckhaltung dienen sollen, bedroht.<\/a> Foto: <a href=\"https:\/\/pixabay.com\/de\/photos\/fluss-tagliamento-cimano-wasser-1578543\/\">Pixabay<\/a><\/figcaption><\/figure>\n\n\n\n<figure class=\"wp-block-image\"><img decoding=\"async\" src=\"https:\/\/cdn.pixabay.com\/photo\/2018\/08\/16\/18\/05\/the-tyrolean-lech-valley-3611008_960_720.jpg\" alt=\"Tiroler Lechtal, \u00d6sterreich, Tirol, Lech, Fluss\"\/><figcaption>In den Nordalpen ist einzig der <a href=\"https:\/\/de.wikipedia.org\/wiki\/Lech\"><strong>Lech<\/strong><\/a> in Teilen noch sehr naturnah. Insbesondere das Tiroler Lechtal (teilweise Naturpark) im Bereich Stanzach , Forchach und n\u00f6rdlich von Wei\u00dfenbach bietet noch Eindr\u00fccke der urspr\u00fcnglichen Ungez\u00e4hmtheit der Alpenfl\u00fcsse. Foto: Simon, <a href=\"https:\/\/pixabay.com\/de\/photos\/tiroler-lechtal-\u00f6sterreich-tirol-3611008\/\">Pixabay<\/a>.<\/figcaption><\/figure>\n\n\n\n<p><a href=\"https:\/\/www.m-h-s.org\/media\/threatened_fish_medbasin.pdf\">Zur Bedrohung der Fischfauna durch den Boom der Wasserkraft im gesamten Mediterraneum gibt es eine neue, brandaktuelle und alarmierende Studie aus dem Jahr 2020.<\/a><\/p>\n\n\n\n<p>Der Umgang mit den letzten freiflie\u00dfenden Fl\u00fcssen und B\u00e4chen wird zur Nagelprobe, ob ein sorgf\u00e4ltiger und vorbeugend sch\u00fctzender Umgang mit dem Biodiversit\u00e4ts-Hotspot des Mittelmeerraumes im Sinne eines ganzheitlichen Naturschutzes gelingt. Leider scheinen die brennenden Naturschutzprobleme rund um die Wasserkraft &#8211; nicht nur im Mittelmeerraum &#8211; nicht auf der Agenda der aktuellen deutschen EU-Ratspr\u00e4sidentschaft  zu stehen. <\/p>\n\n\n\n<h4 class=\"wp-block-heading\"><strong>Wasserkraft &#8211; weltweite Bedrohung der Natur<\/strong><\/h4>\n\n\n\n<p>Vom Himalaya bis in den Kaukasus*, (siehe Beispiel Georgien, unten) vom seit Jahren mit Staudammprojekten maltr\u00e4tierten <a href=\"https:\/\/www.google.com\/search?client=safari&amp;rls=en&amp;q=Wasserkraft+am+Mekong&amp;ie=UTF-8&amp;oe=UTF-8\">Mekong<\/a> (dem nun endlich auch <a href=\"https:\/\/www.spektrum.de\/news\/der-mekong-leidet-durch-chinesische-wasserkraftwerke\/1738074\">&#8222;Spektrum.de&#8220; einen alarmierenden Artikel<\/a> gewidmet hat), zum<a href=\"https:\/\/www.gegenstroemung.org\/web\/wp-content\/uploads\/2019\/01\/TAPAJOS_online.pdf\"> Amazonasbecken<\/a>, vom Balkan \u00fcber die <a href=\"https:\/\/de.wikipedia.org\/wiki\/Il\u0131su-Staudamm\">T\u00fcrkei<\/a>, von Tibet bis nach Brasilien: <strong><a href=\"https:\/\/www.baulinks.de\/webplugin\/2014\/0534.php4\">Weltweit sind \u00fcber 850.000 (in Worten: Achthunderf\u00fcnfzigtausend!) Staudamm-Projekte verwirklicht, in Planung oder Bau&#8230;<\/a><\/strong>darunter mehrere tausend sogenannte Mega-Projekte&#8230;Wer erinnert nicht die Diskussion um den &#8222;<a href=\"https:\/\/de.wikipedia.org\/wiki\/Drei-Schluchten-Talsperre\">Drei-Schluchten-Staudamm&#8220; in der VR China&#8230;<\/a><\/p>\n\n\n\n<p>Heute tragen laut Weltbank-Studie erneuerbare Energien bereits etwa 20 Prozent zur globalen Stromproduktion bei, davon stammen allein 80 Prozent aus Wasserkraft. Tendenz steigend.&nbsp;Laut einer Studie des Leibniz-Institut f\u00fcr Gew\u00e4sser\u00f6kologie und Binnenfischerei (IGB) von 2015 befinden sich weltweit etwa 3700 gro\u00dfe Staud\u00e4mme, vor allem in Entwicklungs- und Schwellenl\u00e4ndern, im Bau oder in Planung.&nbsp;Mit oft dramatischen Auswirkungen auf die Umwelt. In Europa boomt der Ausbau von Kleinkraftanlagen.&nbsp;Quelle: <a href=\"https:\/\/idw-online.de\/de\/news711969\">PM des Leibniz-Institutes f\u00fcr Gew\u00e4sser\u00f6kologie und Binnenfischerei vom 12.03.2018 zum internationalen Aktionstag gegen Staud\u00e4mme a, 14. M\u00e4rz 2019&nbsp;<\/a><\/p>\n\n\n\n<figure class=\"wp-block-image\"><img decoding=\"async\" src=\"https:\/\/cdn.pixabay.com\/photo\/2016\/02\/07\/18\/11\/china-1185268__340.jpg\" alt=\"China, Yangtze, Stausee, Boote\"\/><figcaption>&#8222;Idylle&#8220; am Jangtsekiang, VR China. Foto. <a href=\"https:\/\/pixabay.com\/de\/photos\/china-yangtze-stausee-boote-1185268\/\">Pixabay.<\/a> Der &#8222;Drei-Schluchten-Staudamm&#8220; am Jangtse ist heute das st\u00e4rkste Wasserkraftwerk der Erde. Weltweit ob der Ingenieur-Baukunst bestaunte und bejubelte Staudammprojekte bedeuten immer und \u00fcberall in unterschiedlicher Auswirkung brachiale Gewalt gegen die Natur, Zwangs-Umsiedlung und Heimatverlust f\u00fcr Menschen, Untergang und Vernichtung unz\u00e4hliger Lebensr\u00e4ume f\u00fcr Wildtiere und Wildpflanzen und der Individuen selbst, und nicht selten enorme Folgeprobleme wie Versandung, Verschlickung und \u00c4nderungen des Mikroklimas. <br>Die Bef\u00fcrworter des gigantischen Projektes am Jangtse argumentierten und argumentieren bis heute neben der Energiegewinnung auch mit dem Hochwasserschutz, weil vor Inbetriebnahme Millionen Menschen in den Fluten des Jangtse ertrunken waren&#8230;<a href=\"https:\/\/de.wikipedia.org\/wiki\/Drei-Schluchten-Talsperre\">Die Ursachen f\u00fcr verheerende Hochwasser am Jangtse<\/a> aber wurden  &#8211; wie in anderen Gegenden der Welt, wenn Staudamm-Gigantomanie gerechtfertigt wird &#8211;  zu wenig und nicht ehrlich genug thematisiert. Zu den bereits eingetretenen \u00f6kologischen Sch\u00e4den und zu Folgen der Zwangs-Umsiedlungen siehe <a href=\"https:\/\/de.wikipedia.org\/wiki\/Drei-Schluchten-Talsperre\">hier<\/a>.<\/figcaption><\/figure>\n\n\n\n<figure class=\"wp-block-image\"><img decoding=\"async\" src=\"https:\/\/cdn.pixabay.com\/photo\/2016\/05\/19\/22\/38\/dam-1404146_960_720.jpg\" alt=\"Staudamm, Eisernes Tor, Donau, Djerdap1, Rum\u00e4nien\"\/><figcaption>Das Kraftwerk &#8222;Eisernes Tor&#8220; an der Donau; Grenze zwischen Rum\u00e4nien und Serbien. Foto: <a href=\"https:\/\/pixabay.com\/de\/photos\/staudamm-eisernes-tor-donau-1404146\/\">Pixabay<\/a>. Symbol der Ingenieur-Baukunst. Auch Symbol der vollst\u00e4ndigen naturfernen Vergewaltigung und &#8222;nachhaltigen&#8220; Ver\u00e4nderung eines gro\u00dfen europ\u00e4ischen Stromes. Kaum zu \u00fcberwindendes Hindernis f\u00fcr wandernde Fische, darunter der St\u00f6r. Der Wasserspiegel wurde um zig Meter angehoben<\/figcaption><\/figure>\n\n\n\n<p><\/p>\n\n\n\n<p>*<strong>Das Beispiel Georgien: Eine typische Jubelmeldung zum &#8222;gr\u00fcnen &#8220; erneuerbaren Strom aus Wasserkraft: <\/strong><\/p>\n\n\n\n<p><strong><em><a href=\"https:\/\/www.roedl.de\/themen\/erneuerbare-energien-international\/georgien-wasserkraft\">&#8222;<\/a><\/em><\/strong><em><a href=\"https:\/\/www.roedl.de\/themen\/erneuerbare-energien-international\/georgien-wasserkraft\">(&#8230;) <strong>Das kleine Land im Kaukasus setzt voll auf gr\u00fcne Energie. Schon jetzt bezieht das Land zwischen 80 und 90 Prozent des Stroms aus gr\u00fcnen Energie\u00adquellen, davon mehr als 50 Prozent aus gro\u00dfen Wasser\u00adkraftwerken. Langfristig sollen die Erneuer\u00adbaren Energiequellen den gesamten Elektrizit\u00e4ts\u00adbedarf decken. Zudem soll Strom zu einem der wichtigsten Exportg\u00fcter werden.<\/strong>(&#8230;)<\/a>Insbesondere Wasser spielt bei den Erneuerbaren Energien in Georgien eine bedeutende Rolle, denn das Land geh\u00f6rt zu den f\u00fcnf wasserreichsten Staaten der Welt. Auf eine Landesfl\u00e4che von 70.000 Quadrat\u00adkilometern verteilt flie\u00dfen 26.000 Fl\u00fcsse. 300 davon verf\u00fcgen \u00fcber sehr gro\u00dfes Wasser\u00adkraft\u00adpotenzial und sind f\u00fcr die Nutzung der Wasserkraft pr\u00e4destiniert.&nbsp;(&#8230;)&#8220;<\/em> (Urheber des Textes: R\u00f6dl &amp; Partner GmbH Wirtschaftspr\u00fcfungsgesellschaft Steuerberatungsgesellschaft, 2017)<\/p>\n\n\n\n<p>Insider und Naturschutz-Realisten wissen, welch ein Damokles-Schwert \u00fcber den Fl\u00fcssen des Kaukasus angesichts solcher gesch\u00e4ftst\u00fcchtiger Witterung von Bauprojekten schwebt. Es ist das selbe Bedrohungspotenzial durch Wasserkraft wie f\u00fcr die Fl\u00fcsse des Balkans, Skandinaviens, S\u00fcdfrankreichs, Portugals oder Schottlands&#8230;<\/p>\n\n\n\n<p><\/p>\n\n\n\n<p><\/p>\n\n\n\n<p><strong>Deutschland (siehe Karte oben), inzwischen das gelobte Land &#8222;gr\u00fcner&#8220; Erneuerbarer Energien, hat \u00fcbrigens in Europa nach wie vor die h\u00f6chste Wasserkraft-Ausbaudichte<\/strong>. <\/p>\n\n\n\n<p>Einen \u00dcberblick \u00fcber die weltweit <strong>zus\u00e4tzlich zur Beeintr\u00e4chtigung der Biodiversit\u00e4t freier Flie\u00dfgew\u00e4sser bestehende Problematik der letztlich nicht nachhaltigen Wasserkraft im Hinblick auf funktionale Langlebigkeit und die untersch\u00e4tzten Versandungsprobleme<\/strong> gro\u00dfer Staudamm- und Stausee-Projekte liefert ein <a href=\"https:\/\/www.spektrum.de\/news\/wasserkraft-das-sterben-der-stauseen\/1969555\">sehr lesenswerter Artikel von Tobias Landwehr in &#8222;Spektrum.de&#8220; vom 11.01.2022 mit dem Titel <strong><em>&#8222;Das Sterben der Stauseen&#8220;<\/em><\/strong><\/a>. Anzumerken ist, dass es den dort zitierten Autoren weniger um die Problematik der Bedrohung der Biodiversit\u00e4t durch Wasserkraft als um die &#8222;Optimierung&#8220; von Staudamm-Projekten geht. Dennoch sei dieser Blick auf die immensen Probleme der Wasserkraft als Argumentationshilfe empfohlen.<\/p>\n\n\n\n<p>All diese Information f\u00fcr jene, die Wasserkraft pauschal als &#8222;naturvertr\u00e4glich&#8220; bejubeln und <a href=\"https:\/\/www.youtube.com\/watch?v=XsdhhsMrNnU\">nach dem Ausbau der letzten Fl\u00fcsse und B\u00e4che im Zeichen von &#8222;Nachhaltigkeit&#8220; und &#8222;Erneuerbarer Energien&#8220; rufen&#8230;<\/a>Es besteht eine beklemmende Parallele zur  naiven und besch\u00f6nigenden Argumentation zum angeblich <a href=\"https:\/\/wolfgangepplenaturschutzundethik.de\/?page_id=86\">&#8222;naturvertr\u00e4glichen&#8220; Ausbau der Windkraft.<\/a><\/p>\n\n\n\n<p><\/p>\n\n\n\n<p>Geduld, die Seite wird weiter bearbeitet.<\/p>\n","protected":false},"excerpt":{"rendered":"<p>Was bedeutet eigentlich &#8222;Nachhaltigkeit&#8220; im Zeichen von Energiehunger und Hype um &#8222;Erneuerbare Energien&#8220;? publiziert 2020 \u201eWir stehen vor dem Ende frei flie\u00dfender Fl\u00fcsse in Europa &hellip; <\/p>\n","protected":false},"author":1,"featured_media":0,"parent":0,"menu_order":0,"comment_status":"closed","ping_status":"closed","template":"","meta":{"om_disable_all_campaigns":false,"_monsterinsights_skip_tracking":false,"_monsterinsights_sitenote_active":false,"_monsterinsights_sitenote_note":"","_monsterinsights_sitenote_category":0,"footnotes":""},"class_list":["post-2772","page","type-page","status-publish","hentry"],"aioseo_notices":[],"_links":{"self":[{"href":"https:\/\/wolfgangepplenaturschutzundethik.de\/index.php?rest_route=\/wp\/v2\/pages\/2772"}],"collection":[{"href":"https:\/\/wolfgangepplenaturschutzundethik.de\/index.php?rest_route=\/wp\/v2\/pages"}],"about":[{"href":"https:\/\/wolfgangepplenaturschutzundethik.de\/index.php?rest_route=\/wp\/v2\/types\/page"}],"author":[{"embeddable":true,"href":"https:\/\/wolfgangepplenaturschutzundethik.de\/index.php?rest_route=\/wp\/v2\/users\/1"}],"replies":[{"embeddable":true,"href":"https:\/\/wolfgangepplenaturschutzundethik.de\/index.php?rest_route=%2Fwp%2Fv2%2Fcomments&post=2772"}],"version-history":[{"count":55,"href":"https:\/\/wolfgangepplenaturschutzundethik.de\/index.php?rest_route=\/wp\/v2\/pages\/2772\/revisions"}],"predecessor-version":[{"id":6308,"href":"https:\/\/wolfgangepplenaturschutzundethik.de\/index.php?rest_route=\/wp\/v2\/pages\/2772\/revisions\/6308"}],"wp:attachment":[{"href":"https:\/\/wolfgangepplenaturschutzundethik.de\/index.php?rest_route=%2Fwp%2Fv2%2Fmedia&parent=2772"}],"curies":[{"name":"wp","href":"https:\/\/api.w.org\/{rel}","templated":true}]}}